{"id":692,"date":"2018-07-25T15:09:46","date_gmt":"2018-07-25T18:09:46","guid":{"rendered":"https:\/\/emdnfontenla-bue.infd.edu.ar\/sitio\/?page_id=692"},"modified":"2026-03-06T12:25:10","modified_gmt":"2026-03-06T15:25:10","slug":"estudiantes","status":"publish","type":"page","link":"https:\/\/emdnfontenla-bue.infd.edu.ar\/sitio\/estudiantes\/","title":{"rendered":"ENLACE DE INSCRIPCI\u00d3N ESTUDIANTES REGULARES"},"content":{"rendered":"\n<h2 class=\"wp-block-heading\">INSCRIPCI\u00d3N  CICLO INICIACI\u00d3N<\/h2>\n\n\n\n<p><strong>IMPORTANTE: ESTUDIANTES REGULARES DEL CICLO LECTIVO 2025 DEBEN&nbsp; INSCRIBIRSE EN EL CURSO QUE PROMUEVEN Y PRESENTARSE CON LA DOCUMENTACI\u00d3N SE\u00d1ALADA (#) y LOS FORMULARIOS A PARTIR DEL 09\/03\/2026.<\/strong><\/p>\n\n\n\n<p><strong>FORMULARIO Y DOCUMENTACI\u00d3N A PRESENTAR CICLO INICIACI\u00d3N  <\/strong><a href=\"https:\/\/docs.google.com\/document\/d\/1gmavSc2Py4K71Pza7JMZ0up_LJtU2_eoLD2o4AajSNI\/edit?usp=sharing\">https:\/\/docs.google.com\/document\/d\/1gmavSc2Py4K71Pza7JMZ0up_LJtU2_eoLD2o4AajSNI\/edit?usp=sharing<\/a><\/p>\n\n\n\n<h2 class=\"wp-block-heading\">INSCRIPCI\u00d3N CICLO MEDIO<\/h2>\n\n\n\n<p>FORMULARIO Y DOCUMENTACI\u00d3N A PRESENTAR AMBAS MODALIDADES <a href=\"https:\/\/docs.google.com\/document\/d\/17r_fkkoWwa5OvhVzWbGGKC9Frqvla_SZ2eUovrDaxis\/edit?usp=sharing\">https:\/\/docs.google.com\/document\/d\/17r_fkkoWwa5OvhVzWbGGKC9Frqvla_SZ2eUovrDaxis\/edit?usp=sharing<\/a><\/p>\n\n\n\n<h2 class=\"wp-block-heading\">INSCRIPCI\u00d3N PROFESORADO Y TECNICATURA<\/h2>\n\n\n\n<p>FORMULARIO Y DOCUMENTACI\u00d3N A PRESENTAR <a href=\"https:\/\/docs.google.com\/document\/d\/1wuSVLthQJ4pfBiE8jygfYhOJF4E6H23fTvjzTS8Jgb0\/edit?usp=sharing\">https:\/\/docs.google.com\/document\/d\/1wuSVLthQJ4pfBiE8jygfYhOJF4E6H23fTvjzTS8Jgb0\/edit?usp=sharing<\/a><\/p>\n\n\n\n<p>FORMULARIO DE INSCRIPCI\u00d3N A MATERIAS PROFESORADO CONTEMPOR\u00c1NEO<\/p>\n\n\n\n<p><a href=\"https:\/\/docs.google.com\/forms\/d\/e\/1FAIpQLSefeIfci4Cev3-0GxxXP_pHzJi24wEp0_iLXKT6byRoXchXRQ\/viewform?usp=header\">https:\/\/docs.google.com\/forms\/d\/e\/1FAIpQLSefeIfci4Cev3-0GxxXP_pHzJi24wEp0_iLXKT6byRoXchXRQ\/viewform?usp=header<\/a><\/p>\n\n\n\n<p>FORMULARIO DE INSCRIPCI\u00d3N A MATERIAS PROFESORADO CL\u00c1SICO <a href=\"https:\/\/docs.google.com\/forms\/d\/e\/1FAIpQLSfOkUnBKZTRPork5CWAIZRv4Nv1Kr6LPwpxzumqnAP80FinAA\/viewform?usp=header\">https:\/\/docs.google.com\/forms\/d\/e\/1FAIpQLSfOkUnBKZTRPork5CWAIZRv4Nv1Kr6LPwpxzumqnAP80FinAA\/viewform?usp=header<\/a> <\/p>\n\n\n\n<h2 class=\"wp-block-heading\">INSCRIPCI\u00d3N ON LINE<\/h2>\n\n\n\n<h2 class=\"wp-block-heading\">INGRESANTES TODOS LOS NIVELES <\/h2>\n\n\n\n<h2 class=\"wp-block-heading\">PROFESORADOS Y TECNICATURAS HASTA EL 06\/03\/2026<\/h2>\n\n\n\n<p>HAZ CLIC   <a href=\"http:\/\/formularios.mardelplata.gob.ar\/?id=983\">http:\/\/formularios.mardelplata.gob.ar\/?id=983<\/a><\/p>\n\n\n\n<p><\/p>\n\n\n\n<p><\/p>\n\n\n\n<p><strong>PARA EL INGRESO DIRECTO A NIVEL PREPARATORIO: <\/strong>&nbsp;<\/p>\n\n\n\n<p>REQUISITOS DE INSCRIPCI\u00d3N: <strong>FORMACI\u00d3N B\u00c1SICA &#8211; 8 A 12 A\u00d1OS.<\/strong><\/p>\n\n\n\n<p>Sin experiencia: 2\u00b0 a\u00f1o de primaria aprobado.<\/p>\n\n\n\n<p>DEBER\u00c1N PRESENTARSE EN LA INSTITUCI\u00d3N LA PRIMERA SEMANA DE DICIEMBRE PARA <strong>LA INSCRIPCI\u00d3N DEFINITIVA<\/strong> <strong>DE MANERA PRESENCIAL<\/strong>, LUEGO SE LOS CONVOCAR\u00c1 V\u00cdA MAIL PARA LA ENTREVISTA CON LA DOCENTE M\u00c9DICA Y EL EOE.<\/p>\n\n\n\n<p>SI SE INSCRIBE EN TURNO MA\u00d1ANA: CONCURRIR DE 8 A 12<\/p>\n\n\n\n<p>SI SE INSCRIBE EN TURNO TARDE: CONCURRIR DE 14 A 18<\/p>\n\n\n\n<p>ASISTIR CON LA DOCUMENTACI\u00d3N IMPRESA Y COMPLETA M\u00c1S:<\/p>\n\n\n\n<ul>\n<li>PARTIDA DE NACIMIENTO (ORIGINAL Y FOTOCOPIA)<\/li>\n\n\n\n<li>DNI (ORIGINAL Y FOTOCOPIA)<\/li>\n\n\n\n<li>FOTOCOPIAS DE VACUNAS&nbsp;<\/li>\n\n\n\n<li>CONSTANCIA DE ALUMNO REGULAR ORIGINAL&nbsp;<\/li>\n\n\n\n<li>CARPETA DE CARTULINA 3 SOLAPAS OFICIO COLOR VERDE&nbsp;<\/li>\n\n\n\n<li>COMPROBANTE DE APORTE COOPERADORA.&nbsp;&nbsp;<\/li>\n<\/ul>\n\n\n\n<p>IMPRIMIR, COMPLETAR Y CONCURRIR A LA INSCRIPCI\u00d3N PRESENCIAL CON LOS SIGUIENTES FORMULARIOS:&nbsp;<\/p>\n\n\n\n<p><a href=\"https:\/\/drive.google.com\/file\/d\/1dRIGNGlw4EkEWsU0VfJSWZXrpinR83nb\/view?usp=sharing\">PLANILLA DE INSCRIPCI\u00d3N<\/a><\/p>\n\n\n\n<p><a href=\"https:\/\/drive.google.com\/file\/d\/1QDdZWfeNv9t_jl9Lo1UNGn0zwdCCo5Q6\/view?usp=sharing\">AUTORIZACI\u00d3N RETIRO ANTICIPADO<\/a><\/p>\n\n\n\n<p><a href=\"https:\/\/drive.google.com\/file\/d\/1yOWeQO9HQzO_ELi5i4nuakWivjhua8c6\/view?usp=sharing\">AUTORIZACI\u00d3N USO DE IMAGEN<\/a><\/p>\n\n\n\n<p><a href=\"https:\/\/drive.google.com\/file\/d\/1sWjlNCjfcdttcuT_rfg7uQd61yCu6HCV\/view?usp=sharing\">FICHA M\u00c9DICA<\/a><\/p>\n\n\n\n<p><a href=\"https:\/\/drive.google.com\/file\/d\/1C35o_UdzA4wodccRn0lhrwRTrzF2p_0z\/view?usp=sharing\">FICHA SALUD<\/a><\/p>\n\n\n\n<p><a href=\"https:\/\/drive.google.com\/file\/d\/1wYr9aSh7oOq_uVa_TCc5M8ZnlRIkPb8p\/view?usp=sharing\">AUTORIZACI\u00d3N SALIDA EDUCATIVA<\/a><\/p>\n\n\n\n<p><strong>Pago Anual cooperadora ($50000-) | Solicitar sobre en preceptor\u00eda o transferir al alias NIETO.PALTA.ROPA.&nbsp;<\/strong><\/p>\n\n\n\n<p>Remitir comprobante con datos personales del\/la estudiante al Email: <a href=\"mailto:emdnfcooperadora@gmail.com\">emdnfcooperadora@gmail.com<\/a><\/p>\n\n\n<a class=\"wp-block-read-more\" href=\"https:\/\/emdnfontenla-bue.infd.edu.ar\/sitio\/estudiantes\/\" target=\"_self\">Leer m\u00e1s<span class=\"screen-reader-text\">: ENLACE DE INSCRIPCI\u00d3N ESTUDIANTES REGULARES<\/span><\/a>\n\n\n<p><strong>INGRESO POR NIVELACI\u00d3N<\/strong><\/p>\n\n\n\n<p>Estimadas\/dos:&nbsp;<\/p>\n\n\n\n<p>DEBER\u00c1 PRESENTARSE EN LA INSTITUCI\u00d3N PARA COMPLETAR LA <strong>INSCRIPCI\u00d3N DEFINITIVA<\/strong>&nbsp; <strong>DE MANERA PRESENCIAL<\/strong>, DURANTE LA PRIMERA SEMANA DE DICIEMBRE, EN EL HORARIO QUE COINCIDA CON EL TURNO EN EL QUE SE INSCRIBE: .<\/p>\n\n\n\n<p>TURNO MA\u00d1ANA: 8 A 12<\/p>\n\n\n\n<p>TURNO TARDE: 14 A 18<\/p>\n\n\n\n<p>ASISTIR CON LA DOCUMENTACI\u00d3N IMPRESA Y COMPLETA M\u00c1S:<\/p>\n\n\n\n<ul>\n<li>PARTIDA DE NACIMIENTO (ORIGINAL Y FOTOCOPIA);&nbsp;<\/li>\n\n\n\n<li>DNI (ORIGINAL Y FOTOCOPIA)<\/li>\n\n\n\n<li>APTO M\u00c9DICO DE ALTO RENDIMIENTO&nbsp;<\/li>\n\n\n\n<li>CONSTANCIA DE ALUMNO REGULAR ORIGINAL<\/li>\n\n\n\n<li>CARPETA DE CARTULINA 3 SOLAPAS OFICIO COLOR VERDE&nbsp;<\/li>\n\n\n\n<li>COMPROBANTE DE APORTE COOPERADORA.&nbsp;&nbsp;<\/li>\n<\/ul>\n\n\n\n<p><strong>Pago Anual cooperadora ($50000-) | Solicitar sobre en preceptor\u00eda (pago efectivo) o transferir al alias NIETO.PALTA.ROPA y <\/strong>remitir comprobante con datos personales del\/la estudiante al Email: emdnfcooperadora@gmail.com<\/p>\n\n\n\n<p><strong>REQUISITOS FORMACI\u00d3N B\u00c1SICA<\/strong><\/p>\n\n\n\n<p>Con experiencia: Diagn\u00f3stico de Nivel, ambos sexos.<\/p>\n\n\n\n<p>Las condiciones para ingresar son mediante un diagn\u00f3stico de nivel t\u00e9cnico (que consta de tres instancias: entrevista con la docente m\u00e9dico; entrevista con el Equipo de Orientaci\u00f3n Escolar y diagn\u00f3stico de nivel pr\u00e1ctico de T\u00e9cnica de la Danza Cl\u00e1sica y\/o Contempor\u00e1nea) los aspirantes ingresaran al curso correspondiente seg\u00fan su nivel t\u00e9cnico y art\u00edstico hasta 2do. ciclo medio de la Formaci\u00f3n B\u00e1sica, adem\u00e1s deber\u00e1n rendir todas las materias de los a\u00f1os aprobados.<\/p>\n\n\n\n<p>Se le informar\u00e1 d\u00eda y horario de la prueba de nivelaci\u00f3n por este medio.<\/p>\n\n\n\n<p><strong>REQUISITOS TECNICATURA O PROFESORADO&nbsp;<\/strong><\/p>\n\n\n\n<p><strong>&nbsp;SOLO TURNO MA\u00d1ANA<\/strong><\/p>\n\n\n\n<p>Estudiantes de otras Instituciones con experiencia: Asistencia a curso de ingreso mes febrero y aprobaci\u00f3n examen de Ingreso mes marzo 2026.<\/p>\n\n\n\n<p>Estudiantes con FOBA Res. N\u00aa 13254\/99 completa asistencia a curso de ingreso mes febrero 2026.&nbsp;<\/p>\n\n\n\n<p>Estudiantes egresados ESEA N\u00aa 1 asistencia a curso de ingreso mes de febrero 2026.<\/p>\n\n\n\n<p><strong>T\u00cdTULOS OFICIALES&nbsp;<\/strong><\/p>\n\n\n\n<p>Tecnicatura Int\u00e9rprete Bailar\u00edn en Danzas Cl\u00e1sicas y\/o Danzas Contempor\u00e1neas.<\/p>\n\n\n\n<p>Profesorado en Danzas Orientaci\u00f3n Danzas Cl\u00e1sicas (Res. 4580\/03)&nbsp;<\/p>\n\n\n\n<p>Profesorado en Danzas Orientaci\u00f3n Danzas Contempor\u00e1neas (Res. 4579\/03)<\/p>\n\n\n\n<p>Requisitos de ingreso: Formaci\u00f3n B\u00e1sica y estudios Secundarios completos.<\/p>\n\n\n\n<p>Se le informar\u00e1 d\u00edas y horarios del curso de ingreso por este medio.<\/p>\n\n\n\n<p><strong>DEBER\u00c1 PRESENTARSE EN LA INSTITUCI\u00d3N PARA REALIZAR LA INSCRIPCI\u00d3N DEFINITIVA<\/strong> DE <strong>MANERA PRESENCIAL, DURANTE LA PRIMERA Y SEGUNDA SEMANA DE DICIEMBRE<\/strong>.&nbsp;<\/p>\n\n\n\n<p>EN EL HORARIO DE 8 A 12 HS.<\/p>\n\n\n\n<p>ASISTIR CON LA DOCUMENTACI\u00d3N IMPRESA Y COMPLETA, SABER:&nbsp;<\/p>\n\n\n\n<p>PARTIDA DE NACIMIENTO (ORIGINAL Y FOTOCOPIA)<\/p>\n\n\n\n<p>DNI (ORIGINAL Y FOTOCOPIA)<\/p>\n\n\n\n<p>T\u00cdTULO SECUNDARIO O CONSTANCIA DE MATERIAS APROBADAS (ORIGINAL Y FOTOCOPIA)<\/p>\n\n\n\n<p>APTO M\u00c9DICO DE ALTO RENDIMIENTO<\/p>\n\n\n\n<p>CARPETA DE CARTULINA 3 SOLAPAS OFICIO COLOR VERDE&nbsp;<\/p>\n\n\n\n<p>COMPROBANTE DE APORTE COOPERADORA.&nbsp;&nbsp;<\/p>\n\n\n\n<p>IMPRIMIR, COMPLETAR Y CONCURRIR A LA INSCRIPCI\u00d3N PRESENCIAL CON LOS SIGUIENTES FORMULARIOS:&nbsp;<\/p>\n\n\n\n<p><a href=\"https:\/\/docs.google.com\/document\/d\/1vnKedk7hVZNtoZ8vmvlVeslY061MBKc9c3LAp5csjZc\/edit?usp=sharing\">PLANILLA DE INSCRIPCI\u00d3N<\/a><\/p>\n\n\n\n<p><a href=\"https:\/\/drive.google.com\/file\/d\/1QDdZWfeNv9t_jl9Lo1UNGn0zwdCCo5Q6\/view?usp=sharing\">AUTORIZACI\u00d3N RETIRO ANTICIPADO<\/a><\/p>\n\n\n\n<p><a href=\"https:\/\/drive.google.com\/file\/d\/1yOWeQO9HQzO_ELi5i4nuakWivjhua8c6\/view?usp=sharing\">AUTORIZACI\u00d3N USO DE IMAGEN<\/a><\/p>\n\n\n\n<p><a href=\"https:\/\/drive.google.com\/file\/d\/1sWjlNCjfcdttcuT_rfg7uQd61yCu6HCV\/view?usp=sharing\">FICHA M\u00c9DICA<\/a><\/p>\n\n\n\n<p><a href=\"https:\/\/drive.google.com\/file\/d\/1C35o_UdzA4wodccRn0lhrwRTrzF2p_0z\/view?usp=sharing\">FICHA SALUD<\/a><\/p>\n\n\n\n<p><a href=\"https:\/\/docs.google.com\/document\/d\/1kusdfyEOus1d5SHmAmFnywNVRnWyTdvK75YLnv6fF6M\/edit?usp=sharing\">AUTORIZACI\u00d3N SALIDA EDUCATIVA&nbsp; MAYOR<\/a><\/p>\n\n\n\n<p><strong>Pago Anual cooperadora ($50000-) | Solicitar sobre en preceptor\u00eda o transferir al alias NIETO.PALTA.ROPA.&nbsp;<\/strong><\/p>\n\n\n\n<p>Remitir comprobante con datos personales del\/la estudiante al Email: <a href=\"mailto:emdnfcooperadora@gmail.com\">emdnfcooperadora@gmail.com<\/a><\/p>\n","protected":false},"excerpt":{"rendered":"<p>INSCRIPCI\u00d3N CICLO INICIACI\u00d3N IMPORTANTE: ESTUDIANTES REGULARES DEL CICLO LECTIVO 2025 DEBEN&nbsp; INSCRIBIRSE EN EL CURSO QUE PROMUEVEN Y PRESENTARSE CON LA DOCUMENTACI\u00d3N SE\u00d1ALADA (#) y LOS FORMULARIOS A PARTIR DEL 09\/03\/2026. FORMULARIO Y DOCUMENTACI\u00d3N A PRESENTAR CICLO INICIACI\u00d3N https:\/\/docs.google.com\/document\/d\/1gmavSc2Py4K71Pza7JMZ0up_LJtU2_eoLD2o4AajSNI\/edit?usp=sharing INSCRIPCI\u00d3N CICLO MEDIO FORMULARIO Y DOCUMENTACI\u00d3N A PRESENTAR AMBAS MODALIDADES https:\/\/docs.google.com\/document\/d\/17r_fkkoWwa5OvhVzWbGGKC9Frqvla_SZ2eUovrDaxis\/edit?usp=sharing INSCRIPCI\u00d3N PROFESORADO Y TECNICATURA FORMULARIO &#8230; <a title=\"ENLACE DE INSCRIPCI\u00d3N ESTUDIANTES REGULARES\" class=\"read-more\" href=\"https:\/\/emdnfontenla-bue.infd.edu.ar\/sitio\/estudiantes\/\" aria-label=\"More on ENLACE DE INSCRIPCI\u00d3N ESTUDIANTES REGULARES\">[+]<\/a><\/p>\n","protected":false},"author":8,"featured_media":0,"parent":0,"menu_order":0,"comment_status":"closed","ping_status":"closed","template":"","meta":[],"acf":[],"_links":{"self":[{"href":"https:\/\/emdnfontenla-bue.infd.edu.ar\/sitio\/wp-json\/wp\/v2\/pages\/692"}],"collection":[{"href":"https:\/\/emdnfontenla-bue.infd.edu.ar\/sitio\/wp-json\/wp\/v2\/pages"}],"about":[{"href":"https:\/\/emdnfontenla-bue.infd.edu.ar\/sitio\/wp-json\/wp\/v2\/types\/page"}],"author":[{"embeddable":true,"href":"https:\/\/emdnfontenla-bue.infd.edu.ar\/sitio\/wp-json\/wp\/v2\/users\/8"}],"replies":[{"embeddable":true,"href":"https:\/\/emdnfontenla-bue.infd.edu.ar\/sitio\/wp-json\/wp\/v2\/comments?post=692"}],"version-history":[{"count":23,"href":"https:\/\/emdnfontenla-bue.infd.edu.ar\/sitio\/wp-json\/wp\/v2\/pages\/692\/revisions"}],"predecessor-version":[{"id":1522,"href":"https:\/\/emdnfontenla-bue.infd.edu.ar\/sitio\/wp-json\/wp\/v2\/pages\/692\/revisions\/1522"}],"wp:attachment":[{"href":"https:\/\/emdnfontenla-bue.infd.edu.ar\/sitio\/wp-json\/wp\/v2\/media?parent=692"}],"curies":[{"name":"wp","href":"https:\/\/api.w.org\/{rel}","templated":true}]}}