{"id":1045,"date":"2022-02-23T12:05:51","date_gmt":"2022-02-23T15:05:51","guid":{"rendered":"https:\/\/emdnfontenla-bue.infd.edu.ar\/sitio\/?page_id=1045"},"modified":"2022-03-07T11:22:16","modified_gmt":"2022-03-07T14:22:16","slug":"oferta-academica","status":"publish","type":"page","link":"https:\/\/emdnfontenla-bue.infd.edu.ar\/sitio\/oferta-academica\/","title":{"rendered":"OFERTA ACAD\u00c9MICA"},"content":{"rendered":"\n<p><\/p>\n\n\n\n<p>Resoluci\u00f3n 13254\/99<\/p>\n\n\n\n<ul><li>Estructura Curricular<\/li><\/ul>\n\n\n\n<p><a href=\"https:\/\/drive.google.com\/file\/d\/1HnxlU-705T3qfYxMZXUNSmN0KXcnXmGZ\/view?usp=sharing\">https:\/\/drive.google.com\/file\/d\/1HnxlU-705T3qfYxMZXUNSmN0KXcnXmGZ\/view?usp=sharing<\/a><\/p>\n\n\n\n<p><strong>PROFESORADO<\/strong><br>Profesorado de danzas Orientaci\u00f3n Danzas Cl\u00e1sicas (Res. 4580\/03)<\/p>\n\n\n\n<p><a href=\"https:\/\/docs.google.com\/spreadsheets\/d\/1QapHMyKlLJeLqQrOA4KAD8LZeuc5uxW2fe1EEQTJwo8\/edit?usp=sharing\">https:\/\/docs.google.com\/spreadsheets\/d\/1QapHMyKlLJeLqQrOA4KAD8LZeuc5uxW2fe1EEQTJwo8\/edit?usp=sharing<\/a><\/p>\n\n\n\n<p>Profesorado de danzas Orientaci\u00f3n Danzas Contempor\u00e1neas (Res. 4579\/03)<\/p>\n\n\n\n<p><a href=\"https:\/\/docs.google.com\/spreadsheets\/d\/1QapHMyKlLJeLqQrOA4KAD8LZeuc5uxW2fe1EEQTJwo8\/edit?usp=sharing\">https:\/\/docs.google.com\/spreadsheets\/d\/1QapHMyKlLJeLqQrOA4KAD8LZeuc5uxW2fe1EEQTJwo8\/edit?usp=sharing<\/a><\/p>\n\n\n\n<p>Requisitos de ingreso: Formaci\u00f3n B\u00e1sica y estudios Secundarios completos<\/p>\n\n\n\n<p><strong>TECNICATURA<\/strong><\/p>\n\n\n\n<p>Tecnicatura Int\u00e9rprete bailar\u00edn Orientaci\u00f3n Danzas Cl\u00e1sicas<\/p>\n\n\n\n<p><a href=\"https:\/\/docs.google.com\/spreadsheets\/d\/1QapHMyKlLJeLqQrOA4KAD8LZeuc5uxW2fe1EEQTJwo8\/edit?usp=sharing\">https:\/\/docs.google.com\/spreadsheets\/d\/1QapHMyKlLJeLqQrOA4KAD8LZeuc5uxW2fe1EEQTJwo8\/edit?usp=sharing<\/a><\/p>\n\n\n\n<p><br>Tecnicatura Int\u00e9rprete bailar\u00edn Orientaci\u00f3n Danzas Contempor\u00e1neas<\/p>\n\n\n\n<p><a href=\"https:\/\/docs.google.com\/spreadsheets\/d\/1QapHMyKlLJeLqQrOA4KAD8LZeuc5uxW2fe1EEQTJwo8\/edit?usp=sharing\">https:\/\/docs.google.com\/spreadsheets\/d\/1QapHMyKlLJeLqQrOA4KAD8LZeuc5uxW2fe1EEQTJwo8\/edit?usp=sharing<\/a><\/p>\n\n\n\n<p>Requisitos de ingreso: Formaci\u00f3n B\u00e1sica completa.<\/p>\n\n\n\n<p><strong>FOBA<\/strong> (Formaci\u00f3n b\u00e1sica)<\/p>\n\n\n\n<p>Sin experiencia: 2\u00ba a\u00f1o de Primaria aprobado, edad m\u00e1xima 12 a\u00f1os, ambos sexos.<\/p>\n\n\n\n<p>Con experiencia: examen de nivelaci\u00f3n, ambos sexos.<\/p>\n\n\n\n<p>Inscripci\u00f3n: Febrero y marzo para el a\u00f1o en curso \/ Septiembre, octubre y noviembre para el a\u00f1o siguiente.<\/p>\n\n\n\n<p><a href=\"https:\/\/docs.google.com\/spreadsheets\/d\/1QapHMyKlLJeLqQrOA4KAD8LZeuc5uxW2fe1EEQTJwo8\/edit?usp=sharing\">https:\/\/docs.google.com\/spreadsheets\/d\/1QapHMyKlLJeLqQrOA4KAD8LZeuc5uxW2fe1EEQTJwo8\/edit?usp=sharing<\/a><\/p>\n\n\n\n<p><a href=\"https:\/\/docs.google.com\/spreadsheets\/d\/1QapHMyKlLJeLqQrOA4KAD8LZeuc5uxW2fe1EEQTJwo8\/edit?usp=sharing\">https:\/\/docs.google.com\/spreadsheets\/d\/1QapHMyKlLJeLqQrOA4KAD8LZeuc5uxW2fe1EEQTJwo8\/edit?usp=sharing<\/a><\/p>\n","protected":false},"excerpt":{"rendered":"<p>Resoluci\u00f3n 13254\/99 Estructura Curricular https:\/\/drive.google.com\/file\/d\/1HnxlU-705T3qfYxMZXUNSmN0KXcnXmGZ\/view?usp=sharing PROFESORADOProfesorado de danzas Orientaci\u00f3n Danzas Cl\u00e1sicas (Res. 4580\/03) https:\/\/docs.google.com\/spreadsheets\/d\/1QapHMyKlLJeLqQrOA4KAD8LZeuc5uxW2fe1EEQTJwo8\/edit?usp=sharing Profesorado de danzas Orientaci\u00f3n Danzas Contempor\u00e1neas (Res. 4579\/03) https:\/\/docs.google.com\/spreadsheets\/d\/1QapHMyKlLJeLqQrOA4KAD8LZeuc5uxW2fe1EEQTJwo8\/edit?usp=sharing Requisitos de ingreso: Formaci\u00f3n B\u00e1sica y estudios Secundarios completos TECNICATURA Tecnicatura Int\u00e9rprete bailar\u00edn Orientaci\u00f3n Danzas Cl\u00e1sicas https:\/\/docs.google.com\/spreadsheets\/d\/1QapHMyKlLJeLqQrOA4KAD8LZeuc5uxW2fe1EEQTJwo8\/edit?usp=sharing Tecnicatura Int\u00e9rprete bailar\u00edn Orientaci\u00f3n Danzas Contempor\u00e1neas https:\/\/docs.google.com\/spreadsheets\/d\/1QapHMyKlLJeLqQrOA4KAD8LZeuc5uxW2fe1EEQTJwo8\/edit?usp=sharing Requisitos de ingreso: Formaci\u00f3n B\u00e1sica completa. FOBA (Formaci\u00f3n &#8230; <a title=\"OFERTA ACAD\u00c9MICA\" class=\"read-more\" href=\"https:\/\/emdnfontenla-bue.infd.edu.ar\/sitio\/oferta-academica\/\" aria-label=\"More on OFERTA ACAD\u00c9MICA\">[+]<\/a><\/p>\n","protected":false},"author":91,"featured_media":0,"parent":0,"menu_order":0,"comment_status":"closed","ping_status":"closed","template":"","meta":[],"acf":[],"_links":{"self":[{"href":"https:\/\/emdnfontenla-bue.infd.edu.ar\/sitio\/wp-json\/wp\/v2\/pages\/1045"}],"collection":[{"href":"https:\/\/emdnfontenla-bue.infd.edu.ar\/sitio\/wp-json\/wp\/v2\/pages"}],"about":[{"href":"https:\/\/emdnfontenla-bue.infd.edu.ar\/sitio\/wp-json\/wp\/v2\/types\/page"}],"author":[{"embeddable":true,"href":"https:\/\/emdnfontenla-bue.infd.edu.ar\/sitio\/wp-json\/wp\/v2\/users\/91"}],"replies":[{"embeddable":true,"href":"https:\/\/emdnfontenla-bue.infd.edu.ar\/sitio\/wp-json\/wp\/v2\/comments?post=1045"}],"version-history":[{"count":6,"href":"https:\/\/emdnfontenla-bue.infd.edu.ar\/sitio\/wp-json\/wp\/v2\/pages\/1045\/revisions"}],"predecessor-version":[{"id":1223,"href":"https:\/\/emdnfontenla-bue.infd.edu.ar\/sitio\/wp-json\/wp\/v2\/pages\/1045\/revisions\/1223"}],"wp:attachment":[{"href":"https:\/\/emdnfontenla-bue.infd.edu.ar\/sitio\/wp-json\/wp\/v2\/media?parent=1045"}],"curies":[{"name":"wp","href":"https:\/\/api.w.org\/{rel}","templated":true}]}}